{"id":112,"date":"2024-11-26T18:29:29","date_gmt":"2024-11-26T17:29:29","guid":{"rendered":"https:\/\/eccleptic.es\/wordpress\/?page_id=112"},"modified":"2025-03-13T23:43:33","modified_gmt":"2025-03-13T22:43:33","slug":"actividades","status":"publish","type":"page","link":"https:\/\/eccleptic.es\/ca\/programa\/actividades\/","title":{"rendered":"Activitats"},"content":{"rendered":"<nav style=\"font-style:normal;font-weight:600;\" class=\"has-medium-font-size items-justified-center no-wrap submenu-programa wp-block-navigation is-content-justification-center is-nowrap is-layout-flex wp-container-core-navigation-is-layout-23441af8 wp-block-navigation-is-layout-flex\" aria-label=\"Navigation-Programa\"><ul style=\"font-style:normal;font-weight:600;\" class=\"wp-block-navigation__container has-medium-font-size items-justified-center no-wrap submenu-programa wp-block-navigation has-medium-font-size\"><li class=\"has-medium-font-size wp-block-navigation-item wp-block-navigation-link\"><a class=\"wp-block-navigation-item__content\"  href=\"https:\/\/eccleptic.es\/wordpress\/programa\/musica\/\"><span class=\"wp-block-navigation-item__label\">M\u00fasica<\/span><\/a><\/li><li class=\"has-medium-font-size wp-block-navigation-item wp-block-navigation-link\"><a class=\"wp-block-navigation-item__content\"  href=\"https:\/\/eccleptic.es\/wordpress\/programa\/exposiciones\/\"><span class=\"wp-block-navigation-item__label\">Exposiciones<\/span><\/a><\/li><li class=\"has-medium-font-size wp-block-navigation-item wp-block-navigation-link\"><a class=\"wp-block-navigation-item__content\"  href=\"https:\/\/eccleptic.es\/wordpress\/programa\/actividades\/\"><span class=\"wp-block-navigation-item__label\">Actividades<\/span><\/a><\/li><\/ul><\/nav>\n\n\n<div style=\"height:8px\" aria-hidden=\"true\" class=\"wp-block-spacer\"><\/div>\n\n\n<div class=\"root-eb-post-grid-0lm9i wp-block-essential-blocks-post-grid\">\n    <div class=\"eb-parent-wrapper eb-parent-eb-post-grid-0lm9i eb_animation eb___animated eb___fadeIn\">\n        <div class=\"eb-post-grid-0lm9i style-1  eb-post-grid-wrapper\"\n            data-id=\"eb-post-grid-0lm9i\"\n            data-querydata=\"{&quot;source&quot;:&quot;actividad&quot;,&quot;sourceIndex&quot;:2,&quot;rest_base&quot;:&quot;actividad&quot;,&quot;rest_namespace&quot;:&quot;wp\\\/v2&quot;,&quot;author&quot;:&quot;&quot;,&quot;taxonomies&quot;:[],&quot;per_page&quot;:&quot;36&quot;,&quot;offset&quot;:&quot;0&quot;,&quot;orderby&quot;:&quot;date&quot;,&quot;order&quot;:&quot;asc&quot;,&quot;include&quot;:&quot;&quot;,&quot;exclude&quot;:&quot;&quot;,&quot;exclude_current&quot;:false,&quot;ignore_sticky_posts&quot;:false,&quot;exclude_password_protected&quot;:false}\"\n            data-attributes=\"{&quot;thumbnailSize&quot;:&quot;full&quot;,&quot;loadMoreOptions&quot;:{&quot;enableMorePosts&quot;:false,&quot;loadMoreType&quot;:&quot;1&quot;,&quot;loadMoreButtonTxt&quot;:&quot;Load More&quot;,&quot;alignment&quot;:&quot;center&quot;,&quot;prevTxt&quot;:&quot;&lt;&quot;,&quot;nextTxt&quot;:&quot;&gt;&quot;,&quot;totalPosts&quot;:1},&quot;showSearch&quot;:false,&quot;showTaxonomyFilter&quot;:false,&quot;enableAjaxSearch&quot;:false,&quot;addIcon&quot;:false,&quot;iconPosition&quot;:&quot;left&quot;,&quot;icon&quot;:&quot;fas fa-chevron-right&quot;,&quot;preset&quot;:&quot;style-1&quot;,&quot;defaultFilter&quot;:&quot;all&quot;,&quot;version&quot;:&quot;v2&quot;,&quot;showBlockContent&quot;:true,&quot;showFallbackImg&quot;:false,&quot;fallbackImgUrl&quot;:&quot;&quot;,&quot;showThumbnail&quot;:true,&quot;showTitle&quot;:true,&quot;titleLength&quot;:&quot;&quot;,&quot;titleTag&quot;:&quot;h2&quot;,&quot;showContent&quot;:false,&quot;contentLength&quot;:20,&quot;expansionIndicator&quot;:&quot;...&quot;,&quot;showReadMore&quot;:false,&quot;readmoreText&quot;:&quot;Read More&quot;,&quot;showMeta&quot;:false,&quot;headerMeta&quot;:&quot;false&quot;,&quot;footerMeta&quot;:&quot;[{\\&quot;value\\&quot;:\\&quot;readtime\\&quot;,\\&quot;label\\&quot;:\\&quot;Read Time\\&quot;}]&quot;,&quot;authorPrefix&quot;:&quot;by&quot;,&quot;datePrefix&quot;:&quot;on&quot;,&quot;showFeaturedPost&quot;:false,&quot;featuredPostId&quot;:&quot;&quot;,&quot;showFeaturedPostTitle&quot;:true,&quot;showFeaturedPostContent&quot;:false,&quot;showFeaturedPostMeta&quot;:true,&quot;showFeaturedHeaderMeta&quot;:true,&quot;showFeaturedFooterMeta&quot;:true,&quot;featuredMetaItems&quot;:&quot;{}&quot;,&quot;featuredExcerptLength&quot;:10}\">\n\n            \n\n            <div class=\"eb-post-grid-posts-wrapper\"><article class=\"ebpg-grid-post ebpg-post-grid-column\" data-id=\"1880\"><div class=\"ebpg-grid-post-holder\"><div class=\"ebpg-entry-wrapper\"><div class=\"ebpg-entry-media\">\n                <div class=\"ebpg-entry-thumbnail\">\n                    <a class=\"ebpg-post-link-wrapper eb-sr-only\" href=\"https:\/\/eccleptic.es\/ca\/actividad\/taller-de-graffiti-en-vinaros-eccleptic-2026-por-francisco-lopez-chilevnz\/\">Taller de Graffiti impartido por Francisco L\u00f3pez @chilevnz<\/a>\n                    <img decoding=\"async\" width=\"2542\" height=\"1538\" src=\"https:\/\/i0.wp.com\/eccleptic.es\/wordpress\/wp-content\/uploads\/2026\/02\/eccleptic-taller_graffiti-2026.jpg?fit=2542%2C1538&amp;ssl=1\" class=\"attachment-full size-full\" alt=\"\" \/>\n                <\/div>\n            <\/div><header class=\"ebpg-entry-header\">\n            <h2 class=\"ebpg-entry-title\">\n                <a class=\"ebpg-grid-post-link\" href=\"https:\/\/eccleptic.es\/ca\/actividad\/taller-de-graffiti-en-vinaros-eccleptic-2026-por-francisco-lopez-chilevnz\/\" title=\"tallerdegraffitiimpartidoporfranciscolpezchilevnz\">Taller de Graffiti impartido por Francisco L\u00f3pez @chilevnz<\/a>\n            <\/h2>\n        <\/header><\/div><\/div><\/article><\/div>        <\/div>\n    <\/div>\n<\/div>\n","protected":false},"excerpt":{"rendered":"","protected":false},"author":1,"featured_media":0,"parent":63,"menu_order":15,"comment_status":"closed","ping_status":"closed","template":"","meta":{"_acf_changed":false,"_eb_attr":"","inline_featured_image":false,"footnotes":""},"class_list":["post-112","page","type-page","status-publish","hentry"],"blocksy_meta":[],"acf":[],"yoast_head":"<!-- This site is optimized with the Yoast SEO plugin v27.4 - https:\/\/yoast.com\/product\/yoast-seo-wordpress\/ -->\n<title>Actividades | Eccleptic \u00b7 15\u201317 mayo 2026 Vinar\u00f2s<\/title>\n<meta name=\"robots\" content=\"index, follow, max-snippet:-1, max-image-preview:large, max-video-preview:-1\" \/>\n<link rel=\"canonical\" href=\"https:\/\/eccleptic.es\/ca\/programa\/actividades\/\" \/>\n<meta property=\"og:locale\" content=\"ca_ES\" \/>\n<meta property=\"og:type\" content=\"article\" \/>\n<meta property=\"og:title\" content=\"Actividades | Eccleptic \u00b7 15\u201317 mayo 2026 Vinar\u00f2s\" \/>\n<meta property=\"og:url\" content=\"https:\/\/eccleptic.es\/ca\/programa\/actividades\/\" \/>\n<meta property=\"og:site_name\" content=\"Eccleptic \u00b7 15\u201317 mayo 2026 Vinar\u00f2s\" \/>\n<meta property=\"article:modified_time\" content=\"2025-03-13T22:43:33+00:00\" \/>\n<meta property=\"og:image\" content=\"https:\/\/i0.wp.com\/eccleptic.es\/wordpress\/wp-content\/uploads\/2025\/10\/bg-hero-a02%402x-scaled.jpg?fit=2560%2C1056&ssl=1\" \/>\n\t<meta property=\"og:image:width\" content=\"2560\" \/>\n\t<meta property=\"og:image:height\" content=\"1056\" \/>\n\t<meta property=\"og:image:type\" content=\"image\/jpeg\" \/>\n<meta name=\"twitter:card\" content=\"summary_large_image\" \/>\n<script type=\"application\/ld+json\" class=\"yoast-schema-graph\">{\"@context\":\"https:\\\/\\\/schema.org\",\"@graph\":[{\"@type\":\"WebPage\",\"@id\":\"https:\\\/\\\/eccleptic.es\\\/programa\\\/actividades\\\/\",\"url\":\"https:\\\/\\\/eccleptic.es\\\/programa\\\/actividades\\\/\",\"name\":\"Actividades | Eccleptic \u00b7 15\u201317 mayo 2026 Vinar\u00f2s\",\"isPartOf\":{\"@id\":\"https:\\\/\\\/eccleptic.es\\\/#website\"},\"datePublished\":\"2024-11-26T17:29:29+00:00\",\"dateModified\":\"2025-03-13T22:43:33+00:00\",\"breadcrumb\":{\"@id\":\"https:\\\/\\\/eccleptic.es\\\/programa\\\/actividades\\\/#breadcrumb\"},\"inLanguage\":\"ca\",\"potentialAction\":[{\"@type\":\"ReadAction\",\"target\":[\"https:\\\/\\\/eccleptic.es\\\/programa\\\/actividades\\\/\"]}]},{\"@type\":\"BreadcrumbList\",\"@id\":\"https:\\\/\\\/eccleptic.es\\\/programa\\\/actividades\\\/#breadcrumb\",\"itemListElement\":[{\"@type\":\"ListItem\",\"position\":1,\"name\":\"Portada\",\"item\":\"https:\\\/\\\/eccleptic.es\\\/\"},{\"@type\":\"ListItem\",\"position\":2,\"name\":\"Programa\",\"item\":\"https:\\\/\\\/eccleptic.es\\\/programa\\\/\"},{\"@type\":\"ListItem\",\"position\":3,\"name\":\"Actividades\"}]},{\"@type\":\"WebSite\",\"@id\":\"https:\\\/\\\/eccleptic.es\\\/#website\",\"url\":\"https:\\\/\\\/eccleptic.es\\\/\",\"name\":\"Eccleptic \u00b7 15\u201317 mayo 2026 Vinar\u00f2s\",\"description\":\"Evento cultural y festival de m\u00fasica indie de Vinar\u00f2s (Castell\u00f3n) - Del 15 al 17 de mayo 2026\",\"publisher\":{\"@id\":\"https:\\\/\\\/eccleptic.es\\\/#organization\"},\"alternateName\":\"Eccleptic\",\"potentialAction\":[{\"@type\":\"SearchAction\",\"target\":{\"@type\":\"EntryPoint\",\"urlTemplate\":\"https:\\\/\\\/eccleptic.es\\\/?s={search_term_string}\"},\"query-input\":{\"@type\":\"PropertyValueSpecification\",\"valueRequired\":true,\"valueName\":\"search_term_string\"}}],\"inLanguage\":\"ca\"},{\"@type\":\"Organization\",\"@id\":\"https:\\\/\\\/eccleptic.es\\\/#organization\",\"name\":\"Eccleptic \u00b7 15\u201317 mayo 2026 Vinar\u00f2s\",\"url\":\"https:\\\/\\\/eccleptic.es\\\/\",\"logo\":{\"@type\":\"ImageObject\",\"inLanguage\":\"ca\",\"@id\":\"https:\\\/\\\/eccleptic.es\\\/#\\\/schema\\\/logo\\\/image\\\/\",\"url\":\"https:\\\/\\\/eccleptic.es\\\/wordpress\\\/wp-content\\\/uploads\\\/2024\\\/11\\\/logo.svg\",\"contentUrl\":\"https:\\\/\\\/eccleptic.es\\\/wordpress\\\/wp-content\\\/uploads\\\/2024\\\/11\\\/logo.svg\",\"width\":189,\"height\":48,\"caption\":\"Eccleptic \u00b7 15\u201317 mayo 2026 Vinar\u00f2s\"},\"image\":{\"@id\":\"https:\\\/\\\/eccleptic.es\\\/#\\\/schema\\\/logo\\\/image\\\/\"}}]}<\/script>\n<!-- \/ Yoast SEO plugin. -->","yoast_head_json":{"title":"Actividades | Eccleptic \u00b7 15\u201317 mayo 2026 Vinar\u00f2s","robots":{"index":"index","follow":"follow","max-snippet":"max-snippet:-1","max-image-preview":"max-image-preview:large","max-video-preview":"max-video-preview:-1"},"canonical":"https:\/\/eccleptic.es\/ca\/programa\/actividades\/","og_locale":"ca_ES","og_type":"article","og_title":"Actividades | Eccleptic \u00b7 15\u201317 mayo 2026 Vinar\u00f2s","og_url":"https:\/\/eccleptic.es\/ca\/programa\/actividades\/","og_site_name":"Eccleptic \u00b7 15\u201317 mayo 2026 Vinar\u00f2s","article_modified_time":"2025-03-13T22:43:33+00:00","og_image":[{"width":2560,"height":1056,"url":"https:\/\/i0.wp.com\/eccleptic.es\/wordpress\/wp-content\/uploads\/2025\/10\/bg-hero-a02%402x-scaled.jpg?fit=2560%2C1056&ssl=1","type":"image\/jpeg"}],"twitter_card":"summary_large_image","schema":{"@context":"https:\/\/schema.org","@graph":[{"@type":"WebPage","@id":"https:\/\/eccleptic.es\/programa\/actividades\/","url":"https:\/\/eccleptic.es\/programa\/actividades\/","name":"Actividades | Eccleptic \u00b7 15\u201317 mayo 2026 Vinar\u00f2s","isPartOf":{"@id":"https:\/\/eccleptic.es\/#website"},"datePublished":"2024-11-26T17:29:29+00:00","dateModified":"2025-03-13T22:43:33+00:00","breadcrumb":{"@id":"https:\/\/eccleptic.es\/programa\/actividades\/#breadcrumb"},"inLanguage":"ca","potentialAction":[{"@type":"ReadAction","target":["https:\/\/eccleptic.es\/programa\/actividades\/"]}]},{"@type":"BreadcrumbList","@id":"https:\/\/eccleptic.es\/programa\/actividades\/#breadcrumb","itemListElement":[{"@type":"ListItem","position":1,"name":"Portada","item":"https:\/\/eccleptic.es\/"},{"@type":"ListItem","position":2,"name":"Programa","item":"https:\/\/eccleptic.es\/programa\/"},{"@type":"ListItem","position":3,"name":"Actividades"}]},{"@type":"WebSite","@id":"https:\/\/eccleptic.es\/#website","url":"https:\/\/eccleptic.es\/","name":"Eccleptic \u00b7 15\u201317 mayo 2026 Vinar\u00f2s","description":"Evento cultural y festival de m\u00fasica indie de Vinar\u00f2s (Castell\u00f3n) - Del 15 al 17 de mayo 2026","publisher":{"@id":"https:\/\/eccleptic.es\/#organization"},"alternateName":"Eccleptic","potentialAction":[{"@type":"SearchAction","target":{"@type":"EntryPoint","urlTemplate":"https:\/\/eccleptic.es\/?s={search_term_string}"},"query-input":{"@type":"PropertyValueSpecification","valueRequired":true,"valueName":"search_term_string"}}],"inLanguage":"ca"},{"@type":"Organization","@id":"https:\/\/eccleptic.es\/#organization","name":"Eccleptic \u00b7 15\u201317 mayo 2026 Vinar\u00f2s","url":"https:\/\/eccleptic.es\/","logo":{"@type":"ImageObject","inLanguage":"ca","@id":"https:\/\/eccleptic.es\/#\/schema\/logo\/image\/","url":"https:\/\/eccleptic.es\/wordpress\/wp-content\/uploads\/2024\/11\/logo.svg","contentUrl":"https:\/\/eccleptic.es\/wordpress\/wp-content\/uploads\/2024\/11\/logo.svg","width":189,"height":48,"caption":"Eccleptic \u00b7 15\u201317 mayo 2026 Vinar\u00f2s"},"image":{"@id":"https:\/\/eccleptic.es\/#\/schema\/logo\/image\/"}}]}},"jetpack_sharing_enabled":true,"_links":{"self":[{"href":"https:\/\/eccleptic.es\/ca\/wp-json\/wp\/v2\/pages\/112","targetHints":{"allow":["GET"]}}],"collection":[{"href":"https:\/\/eccleptic.es\/ca\/wp-json\/wp\/v2\/pages"}],"about":[{"href":"https:\/\/eccleptic.es\/ca\/wp-json\/wp\/v2\/types\/page"}],"author":[{"embeddable":true,"href":"https:\/\/eccleptic.es\/ca\/wp-json\/wp\/v2\/users\/1"}],"replies":[{"embeddable":true,"href":"https:\/\/eccleptic.es\/ca\/wp-json\/wp\/v2\/comments?post=112"}],"version-history":[{"count":5,"href":"https:\/\/eccleptic.es\/ca\/wp-json\/wp\/v2\/pages\/112\/revisions"}],"predecessor-version":[{"id":1150,"href":"https:\/\/eccleptic.es\/ca\/wp-json\/wp\/v2\/pages\/112\/revisions\/1150"}],"up":[{"embeddable":true,"href":"https:\/\/eccleptic.es\/ca\/wp-json\/wp\/v2\/pages\/63"}],"wp:attachment":[{"href":"https:\/\/eccleptic.es\/ca\/wp-json\/wp\/v2\/media?parent=112"}],"curies":[{"name":"wp","href":"https:\/\/api.w.org\/{rel}","templated":true}]}}