{"id":14,"date":"2024-11-26T12:21:01","date_gmt":"2024-11-26T12:21:01","guid":{"rendered":"https:\/\/eccleptic.es\/wordpress\/?page_id=14"},"modified":"2026-04-06T00:54:27","modified_gmt":"2026-04-05T23:54:27","slug":"inicio","status":"publish","type":"page","link":"https:\/\/eccleptic.es\/ca\/","title":{"rendered":"Inici"},"content":{"rendered":"\n<div style=\"height:16px\" aria-hidden=\"true\" class=\"wp-block-spacer\"><\/div>\n\n\n\n<div class=\"wp-block-group is-layout-constrained wp-block-group-is-layout-constrained\">\n<div class=\"wp-block-stackable-heading stk-block-heading stk-block-heading--v2 stk-block stk-ae06450\" id=\"span-style-color-var-theme-palette-color-3-ffffff-class-stk-highlight-eccleptic-span-span-style-color-var-theme-palette-color-2-fce-058-class-stk-highlight-\u2605-span-span-style-color-var-theme-palette-color-3-ffffff-class-stk-highlight-15-17-mayo-2026-span-span-style-color-var-theme-palette-color-2-fce-058-class-stk-highlight-span-span-style-color-var-theme-palette-color-5-68-eef-8-class-stk-highlight-span-style-color-var-theme-palette-color-2-fce-058-class-stk-highlight-\u2605-span-span-span-style-color-var-theme-palette-color-2-fce-058-class-stk-highlight-span-vinaros\" data-block-id=\"ae06450\"><style>.stk-ae06450 {margin-bottom:32px !important;}.stk-ae06450 .stk-block-heading__text{font-size:var(--stk--preset--font-size--medium, 20px) !important;}@media screen and (max-width:999px){.stk-ae06450 .stk-block-heading__text{font-size:var(--stk--preset--font-size--small, 13px) !important;}}@media screen and (max-width:689px){.stk-ae06450 .stk-block-heading__text{font-size:var(--stk--preset--font-size--small, 13px) !important;}}<\/style><h1 class=\"stk-block-heading__text has-text-align-center\"><span style=\"color: var(--theme-palette-color-3, #FFFFFF);\" class=\"stk-highlight\">ECCLEPTIC<\/span><span style=\"color: var(--theme-palette-color-2, #fce058);\" class=\"stk-highlight\">  \u2605  <\/span><span style=\"color: var(--theme-palette-color-3, #FFFFFF);\" class=\"stk-highlight\">15-17 MAYO 2026<\/span><span style=\"color: var(--theme-palette-color-2, #fce058);\" class=\"stk-highlight\">  <\/span><span style=\"color: var(--theme-palette-color-5, #68EEF8);\" class=\"stk-highlight\"><span style=\"color: var(--theme-palette-color-2, #fce058);\" class=\"stk-highlight\">\u2605<\/span><\/span><span style=\"color: var(--theme-palette-color-2, #fce058);\" class=\"stk-highlight\">  <\/span>VINAR\u00d2S<\/h1><\/div>\n\n\n\n<div class=\"wp-block-stackable-image stk-block-image has-text-align-center-mobile stk-block stk-f88014b\" data-block-id=\"f88014b\"><style>.stk-f88014b .stk-img-wrapper{width:86% !important;--stk-gradient-overlay:0 !important;}@media screen and (max-width:999px){.stk-f88014b {margin-bottom:0px !important;}.stk-f88014b .stk-img-wrapper{width:100% !important;}}@media screen and (max-width:689px){.stk-f88014b {margin-bottom:0% !important;margin-left:-5% !important;}.stk-f88014b .stk-img-wrapper{width:110% !important;}}<\/style><figure><a class=\"stk-link\" href=\"https:\/\/eccleptic.es\/programa\/musica\/\"><span class=\"stk-img-wrapper stk-image--shape-stretch\"><img data-recalc-dims=\"1\" decoding=\"async\" class=\"stk-img wp-image-1971\" src=\"https:\/\/i0.wp.com\/eccleptic.es\/wordpress\/wp-content\/uploads\/2026\/04\/lineup-updated-scaled.png?resize=1296%2C937&#038;ssl=1\" width=\"1296\" height=\"937\" alt=\"Line-Up de Eccleptic 2026: Suu - La Milagrosa - La Habitaci\u00f3n Roja - Kiko Veneno - Los Invaders - INNMIR - SDH - Palo Domado - Maadraassoo - DJ Amable\"\/><\/span><\/a><\/figure><\/div>\n<\/div>\n\n\n\n<div style=\"height:24px\" aria-hidden=\"true\" class=\"wp-block-spacer\"><\/div>\n\n\n\n<div class=\"wp-block-stackable-heading stk-block-heading stk-block-heading--v2 stk-block stk-9a7014f\" id=\"span-style-color-var-theme-palette-color-3-ffffff-class-stk-highlight-entradas-span-style-color-var-theme-palette-color-2-fce-058-class-stk-highlight-\u2666\ufe0e-span-tickets-span\" data-block-id=\"9a7014f\"><style>.stk-9a7014f .stk-block-heading__text{font-size:var(--stk--preset--font-size--medium, 20px) !important;}@media screen and (max-width:999px){.stk-9a7014f .stk-block-heading__text{font-size:var(--stk--preset--font-size--small, 13px) !important;}}@media screen and (max-width:689px){.stk-9a7014f .stk-block-heading__text{font-size:var(--stk--preset--font-size--small, 13px) !important;}}<\/style><h2 class=\"stk-block-heading__text has-text-align-center\"><span style=\"color: var(--theme-palette-color-3, #FFFFFF);\" class=\"stk-highlight\">ENTRADAS <span style=\"color: var(--theme-palette-color-2, #fce058);\" class=\"stk-highlight\"> \u2666\ufe0e <\/span> TICKETS<\/span><\/h2><\/div>\n\n\n\n<div class=\"wp-block-cover aligncenter hero-home has-aspect-ratio\" style=\"border-top-left-radius:32px;border-top-right-radius:32px;border-bottom-left-radius:32px;border-bottom-right-radius:32px;margin-top:0;margin-bottom:0;padding-top:3vh;padding-right:3vw;padding-bottom:3vh;padding-left:3vw;min-height:460px;aspect-ratio:auto;min-height:unset;\"><video class=\"wp-block-cover__video-background intrinsic-ignore\" autoplay muted loop playsinline src=\"https:\/\/eccleptic.es\/wordpress\/wp-content\/uploads\/2025\/12\/eccleptic-video-v02.mp4\" poster=\"https:\/\/eccleptic.es\/wordpress\/wp-content\/uploads\/2025\/11\/eccleptic-2025-04.jpeg\" data-object-fit=\"cover\"><\/video><span aria-hidden=\"true\" class=\"wp-block-cover__background has-background-dim-80 has-background-dim wp-block-cover__gradient-background has-background-gradient\" style=\"background:linear-gradient(225deg,rgb(172,50,228) 0%,rgb(121,24,242) 48%,rgb(81,40,185) 100%)\"><\/span><div class=\"wp-block-cover__inner-container is-layout-flow wp-container-core-cover-is-layout-7d178cc8 wp-block-cover-is-layout-flow\">\n<div class=\"wp-block-group alignwide is-vertical is-content-justification-center is-nowrap is-layout-flex wp-container-core-group-is-layout-d94efa7f wp-block-group-is-layout-flex\" style=\"min-height:0px;margin-top:0px;margin-bottom:0px;padding-top:0px;padding-right:var(--wp--preset--spacing--30);padding-bottom:0px;padding-left:var(--wp--preset--spacing--30)\">\n<div class=\"wp-block-group is-content-justification-center is-layout-constrained wp-container-core-group-is-layout-62c6eb71 wp-block-group-is-layout-constrained\" style=\"min-height:40px;padding-top:0px;padding-right:0px;padding-bottom:0px;padding-left:0px\">\n\n\n\n\n<div class=\"wp-block-stackable-image alignwide stk-block-image has-text-align-center stk-block stk-b393b26\" data-block-id=\"b393b26\"><style>.stk-b393b26 .stk-img-wrapper{width:88px !important;}@media screen and (max-width:999px){.stk-b393b26 .stk-img-wrapper{width:56px !important;}}@media screen and (max-width:689px){.stk-b393b26 .stk-img-wrapper{width:40px !important;}}<\/style><figure><span class=\"stk-img-wrapper stk-image--shape-stretch\"><img data-recalc-dims=\"1\" decoding=\"async\" class=\"stk-img wp-image-1811\" src=\"https:\/\/i0.wp.com\/eccleptic.es\/wordpress\/wp-content\/uploads\/2026\/02\/logo-eccleptic-3.png?resize=584%2C716&#038;ssl=1\" width=\"584\" height=\"716\"\/><\/span><\/figure><\/div>\n<\/div>\n\n\n\n<div class=\"wp-block-stackable-text stk-block-text stk-block stk-ecfeeb8\" data-block-id=\"ecfeeb8\"><style>.stk-ecfeeb8 {margin-bottom:0px !important;}.stk-ecfeeb8 .stk-block-text__text{font-size:24px !important;line-height:1.4em !important;letter-spacing:-0.2px !important;}@media screen and (max-width:999px){.stk-ecfeeb8 .stk-block-text__text{font-size:16px !important;}}@media screen and (max-width:689px){.stk-ecfeeb8 .stk-block-text__text{font-size:14px !important;line-height:1.4em !important;}}<\/style><p class=\"stk-block-text__text has-text-align-center\">Abonos a 25,99 \u20ac* (hasta completar tramo de venta).<br>Entradas por d\u00eda desde 21,99 \u20ac*. Abonos menores 16 a\u00f1os a 8 \u20ac*.<\/p><\/div>\n\n\n\n<div class=\"wp-block-stackable-button-group stk-block-button-group stk-block stk-24caa2c\" data-block-id=\"24caa2c\"><style>.stk-24caa2c .stk-button-group{flex-direction:row !important;align-items:center !important;}.stk-24caa2c .stk-block{flex-basis:0 !important;}.stk-24caa2c .stk-block-button, .stk-24caa2c .stk-block-icon-button{flex:1 0 0% !important;}.stk-24caa2c {padding-top:0px !important;padding-right:0px !important;padding-bottom:0px !important;padding-left:0px !important;margin-top:0px !important;margin-right:0px !important;margin-bottom:0px !important;margin-left:0px !important;display:flex !important;}<\/style><div class=\"stk-row stk-inner-blocks has-text-align-center stk-block-content stk-button-group\">\n<div class=\"wp-block-stackable-button stk-block-button stk-block stk-91eca7d\" data-block-id=\"91eca7d\"><style>.stk-91eca7d {margin-bottom:0px !important;}.stk-91eca7d .stk-button{min-height:56px !important;padding-right:32px !important;padding-left:32px !important;background:var(--theme-palette-color-2, #fce058) !important;}.stk-91eca7d .stk-button:before{border-color:var(--theme-palette-color-2, #fce058) !important;}.stk-91eca7d .stk-button .stk--inner-svg svg:last-child, .stk-91eca7d .stk-button .stk--inner-svg svg:last-child :is(g, path, rect, polygon, ellipse){fill:var(u002du002dtheme-palette-color-2, #fce058) !important;}.stk-91eca7d .stk-button__inner-text{font-size:16px !important;color:var(--theme-palette-color-7, #094B6F) !important;line-height:1.1em !important;font-weight:600 !important;}@media screen and (max-width:999px){.stk-91eca7d .stk-button{min-height:0px !important;padding-top:16px !important;padding-right:32px !important;padding-bottom:16px !important;padding-left:32px !important;}.stk-91eca7d .stk-button__inner-text{font-size:15px !important;}}@media screen and (max-width:689px){.stk-91eca7d .stk-button{min-height:0px !important;padding-top:14px !important;padding-bottom:14px !important;}.stk-91eca7d .stk-button__inner-text{font-size:14px !important;}}<\/style><a class=\"stk-link stk-button stk--hover-effect-lift-scale\" href=\"https:\/\/www.enterticket.es\/eventos\/eccleptic-904896\" title=\"Compra Abono Eccleptic 2026 Enterticket\" target=\"_blank\" rel=\"noreferrer noopener\"><span class=\"has-text-color stk-button__inner-text\">Comprar ahora<\/span><\/a><\/div>\n<\/div><\/div>\n\n\n\n<div class=\"wp-block-stackable-text stk-block-text stk-block stk-f7f06a8\" data-block-id=\"f7f06a8\"><style>.stk-f7f06a8 {margin-bottom:0px !important;}.stk-f7f06a8 .stk-block-text__text{font-size:var(--stk--preset--font-size--small, 13px) !important;color:#ffffffa6 !important;}@media screen and (max-width:999px){.stk-f7f06a8 .stk-block-text__text{font-size:11px !important;}}@media screen and (max-width:689px){.stk-f7f06a8 .stk-block-text__text{font-size:10px !important;}}<\/style><p class=\"stk-block-text__text has-text-color has-text-align-center\">* M\u00e1s gastos de gesti\u00f3n<\/p><\/div>\n<\/div>\n<\/div><\/div>\n\n\n\n<div style=\"height:56px\" aria-hidden=\"true\" class=\"wp-block-spacer\"><\/div>\n\n\n\n<div class=\"wp-block-group is-layout-constrained wp-block-group-is-layout-constrained\">\n<div class=\"wp-block-stackable-heading stk-block-heading stk-block-heading--v2 stk-block stk-03f699b\" id=\"span-style-color-var-theme-palette-color-3-ffffff-class-stk-highlight-ultimas-noticias-span\" data-block-id=\"03f699b\"><style>.stk-03f699b .stk-block-heading__text{font-size:var(--stk--preset--font-size--medium, 20px) !important;}@media screen and (max-width:999px){.stk-03f699b .stk-block-heading__text{font-size:var(--stk--preset--font-size--small, 13px) !important;}}@media screen and (max-width:689px){.stk-03f699b .stk-block-heading__text{font-size:var(--stk--preset--font-size--small, 13px) !important;}}<\/style><h2 class=\"stk-block-heading__text has-text-align-center\"><span style=\"color: var(--theme-palette-color-3, #FFFFFF);\" class=\"stk-highlight\">\u00daLTIMAS NOTICIAS<\/span><\/h2><\/div>\n\n\n\n<div data-id=\"3b9fb2f1\" class=\"wp-block-blocksy-query\"><div class=\"ct-query-template-grid\"><article class=\"wp-block-post is-layout-flow post-1985 post type-post status-publish format-standard has-post-thumbnail hentry category-general\">\n\n<div class=\"wp-block-group is-vertical is-content-justification-center is-layout-flex wp-container-core-group-is-layout-64bf8296 wp-block-group-is-layout-flex\" style=\"border-radius:32px\"><a style=\"width: 100%; margin-bottom:0;\" class=\"ct-dynamic-media wp-elements-dd72712b796bc02ad9f0485e85dfbc55\" aria-label=\"Horarios oficiales de eccleptic 2026\" href=\"https:\/\/eccleptic.es\/ca\/general\/horarios-oficiales-de-eccleptic-2026\/\"><span data-hover=\"zoom-in\" class=\"ct-dynamic-media-inner\" style=\"border-radius:32px;\"><img decoding=\"async\" width=\"2542\" height=\"1538\" src=\"https:\/\/i0.wp.com\/eccleptic.es\/wordpress\/wp-content\/uploads\/2026\/04\/eccleptic-lineup-2026.jpg?fit=2542%2C1538&amp;ssl=1\" class=\"attachment-full size-full\" alt=\"\" style=\"width:100%;height:100%;object-fit: cover;aspect-ratio: 16\/9;\" \/><\/span><\/a>\n\n\n<div class=\"wp-block-group is-content-justification-center is-layout-constrained wp-container-core-group-is-layout-c2a97208 wp-block-group-is-layout-constrained\" style=\"border-radius:0px;min-height:100%;margin-top:var(--wp--preset--spacing--30);margin-bottom:var(--wp--preset--spacing--30);padding-top:var(--wp--preset--spacing--30);padding-right:var(--wp--preset--spacing--30);padding-bottom:var(--wp--preset--spacing--30);padding-left:var(--wp--preset--spacing--30)\"><h3 style=\"font-size:clamp(15.747px, 0.984rem + ((1vw - 3.2px) * 0.645), 24px);line-height:1.2;\" class=\"ct-dynamic-data has-text-align-center wp-elements-283b8806555d9975a8d85b9f9b6d88b1\"><a href=\"https:\/\/eccleptic.es\/ca\/general\/horarios-oficiales-de-eccleptic-2026\/\">Horarios oficiales de eccleptic 2026<\/a><\/h3>\n\n<div style=\"font-style:normal;font-weight:500;text-transform:uppercase;\" class=\"ct-dynamic-data has-text-align-center wp-elements-85b926f0a24c2562964d5995400d5cd1 wp-elements-b627d29f045a6cb02615704fa550c486 has-text-color has-palette-color-2-color has-small-font-size\">25 abril 2026<\/div><\/div>\n<\/div>\n\n<\/article><article class=\"wp-block-post is-layout-flow post-1963 post type-post status-publish format-standard has-post-thumbnail hentry category-eventos category-musica category-vinaros\">\n\n<div class=\"wp-block-group is-vertical is-content-justification-center is-layout-flex wp-container-core-group-is-layout-64bf8296 wp-block-group-is-layout-flex\" style=\"border-radius:32px\"><a style=\"width: 100%; margin-bottom:0;\" class=\"ct-dynamic-media wp-elements-dd72712b796bc02ad9f0485e85dfbc55\" aria-label=\"Fiesta de presentaci\u00f3n de eccleptic\" href=\"https:\/\/eccleptic.es\/ca\/musica\/fiesta-de-presentacion-de-eccleptic\/\"><span data-hover=\"zoom-in\" class=\"ct-dynamic-media-inner\" style=\"border-radius:32px;\"><img decoding=\"async\" width=\"2560\" height=\"1549\" src=\"https:\/\/i0.wp.com\/eccleptic.es\/wordpress\/wp-content\/uploads\/2026\/04\/eccleptic-presentacion-2026-scaled.jpg?fit=2560%2C1549&amp;ssl=1\" class=\"attachment-full size-full\" alt=\"\" style=\"width:100%;height:100%;object-fit: cover;aspect-ratio: 16\/9;\" \/><\/span><\/a>\n\n\n<div class=\"wp-block-group is-content-justification-center is-layout-constrained wp-container-core-group-is-layout-c2a97208 wp-block-group-is-layout-constrained\" style=\"border-radius:0px;min-height:100%;margin-top:var(--wp--preset--spacing--30);margin-bottom:var(--wp--preset--spacing--30);padding-top:var(--wp--preset--spacing--30);padding-right:var(--wp--preset--spacing--30);padding-bottom:var(--wp--preset--spacing--30);padding-left:var(--wp--preset--spacing--30)\"><h3 style=\"font-size:clamp(15.747px, 0.984rem + ((1vw - 3.2px) * 0.645), 24px);line-height:1.2;\" class=\"ct-dynamic-data has-text-align-center wp-elements-283b8806555d9975a8d85b9f9b6d88b1\"><a href=\"https:\/\/eccleptic.es\/ca\/musica\/fiesta-de-presentacion-de-eccleptic\/\">Fiesta de presentaci\u00f3n de eccleptic<\/a><\/h3>\n\n<div style=\"font-style:normal;font-weight:500;text-transform:uppercase;\" class=\"ct-dynamic-data has-text-align-center wp-elements-85b926f0a24c2562964d5995400d5cd1 wp-elements-b627d29f045a6cb02615704fa550c486 has-text-color has-palette-color-2-color has-small-font-size\">6 abril 2026<\/div><\/div>\n<\/div>\n\n<\/article><article class=\"wp-block-post is-layout-flow post-1867 post type-post status-publish format-standard has-post-thumbnail hentry category-artes-plasticas category-cultura category-talleres\">\n\n<div class=\"wp-block-group is-vertical is-content-justification-center is-layout-flex wp-container-core-group-is-layout-64bf8296 wp-block-group-is-layout-flex\" style=\"border-radius:32px\"><a style=\"width: 100%; margin-bottom:0;\" class=\"ct-dynamic-media wp-elements-dd72712b796bc02ad9f0485e85dfbc55\" aria-label=\"Taller de Graffiti en Vinar\u00f2s: eccleptic 2026 busca 6 j\u00f3venes artistas urbanos\" href=\"https:\/\/eccleptic.es\/ca\/artes-plasticas\/taller-graffiti-eccleptic-vinaros-2026\/\"><span data-hover=\"zoom-in\" class=\"ct-dynamic-media-inner\" style=\"border-radius:32px;\"><img decoding=\"async\" width=\"2542\" height=\"1538\" src=\"https:\/\/i0.wp.com\/eccleptic.es\/wordpress\/wp-content\/uploads\/2026\/02\/eccleptic-taller_graffiti-2026.jpg?fit=2542%2C1538&amp;ssl=1\" class=\"attachment-full size-full\" alt=\"\" style=\"width:100%;height:100%;object-fit: cover;aspect-ratio: 16\/9;\" \/><\/span><\/a>\n\n\n<div class=\"wp-block-group is-content-justification-center is-layout-constrained wp-container-core-group-is-layout-c2a97208 wp-block-group-is-layout-constrained\" style=\"border-radius:0px;min-height:100%;margin-top:var(--wp--preset--spacing--30);margin-bottom:var(--wp--preset--spacing--30);padding-top:var(--wp--preset--spacing--30);padding-right:var(--wp--preset--spacing--30);padding-bottom:var(--wp--preset--spacing--30);padding-left:var(--wp--preset--spacing--30)\"><h3 style=\"font-size:clamp(15.747px, 0.984rem + ((1vw - 3.2px) * 0.645), 24px);line-height:1.2;\" class=\"ct-dynamic-data has-text-align-center wp-elements-283b8806555d9975a8d85b9f9b6d88b1\"><a href=\"https:\/\/eccleptic.es\/ca\/artes-plasticas\/taller-graffiti-eccleptic-vinaros-2026\/\">Taller de Graffiti en Vinar\u00f2s: eccleptic 2026 busca 6 j\u00f3venes artistas urbanos<\/a><\/h3>\n\n<div style=\"font-style:normal;font-weight:500;text-transform:uppercase;\" class=\"ct-dynamic-data has-text-align-center wp-elements-85b926f0a24c2562964d5995400d5cd1 wp-elements-b627d29f045a6cb02615704fa550c486 has-text-color has-palette-color-2-color has-small-font-size\">28 febrer 2026<\/div><\/div>\n<\/div>\n\n<\/article><\/div><style>[data-id='3b9fb2f1'] {align-items:flex-start;--grid-columns-width:3;}@media (max-width: 689.98px) {[data-id='3b9fb2f1'] {--grid-columns-width:1;}}<\/style><\/div>\n<\/div>\n\n\n\n<p class=\"has-text-align-center has-palette-color-3-color has-text-color has-link-color has-medium-font-size wp-elements-8e52330f81823474038058aa3aa97232\" style=\"margin-top:0px;margin-right:0px;margin-bottom:0px;margin-left:0px;padding-top:0px;padding-right:0px;padding-bottom:0px;padding-left:0px\"><strong>eccleptic<\/strong> es un <strong>evento cultural independiente<\/strong> que conecta arte y p\u00fablico en Vinar\u00f2s (Castell\u00f3n).<\/p>\n\n\n\n<!-- Meta Pixel Code -->\n<script>\n!function(f,b,e,v,n,t,s)\n{if(f.fbq)return;n=f.fbq=function(){n.callMethod?\nn.callMethod.apply(n,arguments):n.queue.push(arguments)};\nif(!f._fbq)f._fbq=n;n.push=n;n.loaded=!0;n.version='2.0';\nn.queue=[];t=b.createElement(e);t.async=!0;\nt.src=v;s=b.getElementsByTagName(e)[0];\ns.parentNode.insertBefore(t,s)}(window, document,'script',\n'https:\/\/connect.facebook.net\/en_US\/fbevents.js');\nfbq('init', '773315175650669');\nfbq('track', 'PageView');\n<\/script>\n<noscript><img height=\"1\" width=\"1\" style=\"display:none\"\nsrc=\"https:\/\/www.facebook.com\/tr?id=773315175650669&#038;ev=PageView&#038;noscript=1\"\n\/><\/noscript>\n<!-- End Meta Pixel Code -->\n","protected":false},"excerpt":{"rendered":"<p>ECCLEPTIC \u2605 15-17 MAYO 2026 \u2605 VINAR\u00d2S ENTRADAS \u2666\ufe0e TICKETS \u00daLTIMAS NOTICIAS eccleptic es un evento cultural independiente que conecta arte y p\u00fablico en Vinar\u00f2s (Castell\u00f3n).<\/p>","protected":false},"author":1,"featured_media":0,"parent":0,"menu_order":9,"comment_status":"closed","ping_status":"closed","template":"","meta":{"_acf_changed":false,"_eb_attr":"","inline_featured_image":false,"advanced_seo_description":"","jetpack_seo_html_title":"","jetpack_seo_noindex":false,"footnotes":""},"class_list":["post-14","page","type-page","status-publish","hentry"],"blocksy_meta":[],"acf":[],"jetpack_sharing_enabled":true,"_links":{"self":[{"href":"https:\/\/eccleptic.es\/ca\/wp-json\/wp\/v2\/pages\/14","targetHints":{"allow":["GET"]}}],"collection":[{"href":"https:\/\/eccleptic.es\/ca\/wp-json\/wp\/v2\/pages"}],"about":[{"href":"https:\/\/eccleptic.es\/ca\/wp-json\/wp\/v2\/types\/page"}],"author":[{"embeddable":true,"href":"https:\/\/eccleptic.es\/ca\/wp-json\/wp\/v2\/users\/1"}],"replies":[{"embeddable":true,"href":"https:\/\/eccleptic.es\/ca\/wp-json\/wp\/v2\/comments?post=14"}],"version-history":[{"count":187,"href":"https:\/\/eccleptic.es\/ca\/wp-json\/wp\/v2\/pages\/14\/revisions"}],"predecessor-version":[{"id":1972,"href":"https:\/\/eccleptic.es\/ca\/wp-json\/wp\/v2\/pages\/14\/revisions\/1972"}],"wp:attachment":[{"href":"https:\/\/eccleptic.es\/ca\/wp-json\/wp\/v2\/media?parent=14"}],"curies":[{"name":"wp","href":"https:\/\/api.w.org\/{rel}","templated":true}]}}