{"id":1582,"date":"2026-04-01T02:06:22","date_gmt":"2026-04-01T01:06:22","guid":{"rendered":"https:\/\/eccleptic.es\/?page_id=1582"},"modified":"2026-04-01T02:06:38","modified_gmt":"2026-04-01T01:06:38","slug":"inicio-new-2026-no-editar","status":"publish","type":"page","link":"https:\/\/eccleptic.es\/ca\/inicio-new-2026-no-editar\/","title":{"rendered":"Inicio (new 2026) &#8211; No editar !!!"},"content":{"rendered":"\n<div style=\"height:56px\" aria-hidden=\"true\" class=\"wp-block-spacer\"><\/div>\n\n\n\n<section class=\"wp-block-essential-blocks-flex-container eb-flex-container-block root-eb-flex-container-cmlwc\"><div class=\"eb-parent-wrapper eb-parent-flex-container eb-parent-eb-flex-container-cmlwc \"><div class=\"eb-flex-container eb-flex-container-cmlwc\"><div class=\"eb-flex-container-inner\">\n<div class=\"wp-block-essential-blocks-flex-container alignfull eb-flex-container-block root-eb-flex-container-s1w2l\"><div class=\"eb-parent-wrapper eb-parent-flex-container eb-parent-eb-flex-container-s1w2l \"><div class=\"eb-flex-container eb-flex-container-s1w2l\"><div class=\"eb-flex-container-inner\">\n<div class=\"wp-block-essential-blocks-flex-container eb-flex-container-block root-eb-flex-container-1ghz5\"><div class=\"eb-parent-wrapper eb-parent-flex-container eb-parent-eb-flex-container-1ghz5 eb_animation eb___animated eb___fadeIn\"><div class=\"eb-flex-container eb-flex-container-1ghz5\"><div class=\"eb-flex-container-inner\">\n<div class=\"wp-block-group is-content-justification-left is-nowrap is-layout-flex wp-container-core-group-is-layout-fc9f69e7 wp-block-group-is-layout-flex\">\n<div class=\"wp-block-stackable-heading stk-block-heading stk-block-heading--v2 stk-block stk-3df653d\" id=\"los-invaders\" data-block-id=\"3df653d\"><h2 class=\"stk-block-heading__text\">Los Invaders<\/h2><\/div>\n\n\n\n<div class=\"wp-block-stackable-image stk-block-image stk-block stk-83a0833\" id=\"los-invaders\" data-block-id=\"83a0833\"><style>.stk-83a0833 {border-top-left-radius:100px !important;border-top-right-radius:100px !important;border-bottom-right-radius:100px !important;border-bottom-left-radius:100px !important;overflow:hidden !important;border-top-width:0px !important;border-right-width:0px !important;border-bottom-width:0px !important;border-left-width:0px !important;padding-top:0px !important;padding-right:0px !important;padding-bottom:0px !important;padding-left:0px !important;}.stk-83a0833 .stk-img-wrapper{width:240px !important;height:96px !important;}.stk-83a0833 .stk-img-wrapper img{filter:grayscale(1) !important;transform:scale(1.1) !important;border-radius:0px !important;}.stk-83a0833 .stk-img-wrapper::after{background-color:#7bdcb5 !important;}<\/style><figure><span class=\"stk-img-wrapper stk-image--shape-stretch\"><img data-recalc-dims=\"1\" decoding=\"async\" class=\"stk-img wp-image-1759\" src=\"https:\/\/i0.wp.com\/eccleptic.es\/wordpress\/wp-content\/uploads\/2026\/01\/invaders-09_07_2024_0017-2-scaled.jpg?resize=1296%2C864&#038;ssl=1\" width=\"1296\" height=\"864\" alt=\"Los Invaders\"\/><\/span><\/figure><\/div>\n<\/div>\n<\/div><\/div><\/div><\/div>\n\n\n\n<div class=\"wp-block-essential-blocks-flex-container eb-flex-container-block root-eb-flex-container-0jezl\"><div class=\"eb-parent-wrapper eb-parent-flex-container eb-parent-eb-flex-container-0jezl eb_animation eb___animated eb___fadeIn\"><div class=\"eb-flex-container eb-flex-container-0jezl\"><div class=\"eb-flex-container-inner\">\n<div class=\"wp-block-stackable-heading stk-block-heading stk-block-heading--v2 stk-block stk-d382ffb\" id=\"kiko-veneno\" data-block-id=\"d382ffb\"><h2 class=\"stk-block-heading__text\">Kiko Veneno<\/h2><\/div>\n\n\n\n<div class=\"wp-block-stackable-image stk-block-image stk-block stk-1f9a301\" data-block-id=\"1f9a301\"><style>.stk-1f9a301 {overflow:hidden !important;}.stk-1f9a301 .stk-img-wrapper{width:200px !important;height:80px !important;}.stk-1f9a301 .stk-img-wrapper img{filter:grayscale(100) !important;border-radius:50px !important;object-position:50% 32% !important;}.stk-1f9a301 .stk-img-wrapper::after{background-color:var(--theme-palette-color-2, #fce058) !important;}.stk-1f9a301 .stk-img-wrapper::after, .stk-1f9a301 .stk-img-wrapper::before{mix-blend-mode:multiply !important;}<\/style><figure><span class=\"stk-img-wrapper stk-image--shape-stretch\"><img data-recalc-dims=\"1\" decoding=\"async\" class=\"stk-img wp-image-1755\" src=\"https:\/\/i0.wp.com\/eccleptic.es\/wordpress\/wp-content\/uploads\/2026\/01\/Kiko-Veneno-Porvenir-foto-de-Akimoski-RGB-apaisada-LOWSAT-scaled.jpg?resize=1296%2C859&#038;ssl=1\" width=\"1296\" height=\"859\" alt=\"Kiko Veneno\"\/><\/span><\/figure><\/div>\n<\/div><\/div><\/div><\/div>\n\n\n\n<div class=\"wp-block-essential-blocks-flex-container eb-flex-container-block root-eb-flex-container-1biti\"><div class=\"eb-parent-wrapper eb-parent-flex-container eb-parent-eb-flex-container-1biti eb_animation eb___animated eb___fadeIn\"><div class=\"eb-flex-container eb-flex-container-1biti\"><div class=\"eb-flex-container-inner\">\n<div class=\"wp-block-stackable-heading stk-block-heading stk-block-heading--v2 stk-block stk-0914a33\" id=\"la-habitacion-roja\" data-block-id=\"0914a33\"><h2 class=\"stk-block-heading__text\">La Habitaci\u00f3n Roja<\/h2><\/div>\n\n\n\n<div class=\"wp-block-stackable-image stk-block-image stk-block stk-53f3a9c\" data-block-id=\"53f3a9c\"><style>.stk-53f3a9c {overflow:hidden !important;}.stk-53f3a9c .stk-img-wrapper{width:200px !important;height:80px !important;}.stk-53f3a9c .stk-img-wrapper img{filter:grayscale(100) !important;border-radius:50px !important;object-position:50% 10% !important;}.stk-53f3a9c .stk-img-wrapper::after{background-color:#cf2e2e !important;}.stk-53f3a9c .stk-img-wrapper::after, .stk-53f3a9c .stk-img-wrapper::before{mix-blend-mode:multiply !important;}<\/style><figure><span class=\"stk-img-wrapper stk-image--shape-stretch\"><img data-recalc-dims=\"1\" decoding=\"async\" class=\"stk-img wp-image-1758\" src=\"https:\/\/i0.wp.com\/eccleptic.es\/wordpress\/wp-content\/uploads\/2026\/01\/la-habitacion-roja-promo-30-Escalado-y-modiicado.jpg?resize=1296%2C1547&#038;ssl=1\" width=\"1296\" height=\"1547\" alt=\"Kiko Veneno\"\/><\/span><\/figure><\/div>\n<\/div><\/div><\/div><\/div>\n<\/div><\/div><\/div><\/div>\n<\/div><\/div><\/div><\/section>\n\n\n\n<div class=\"wp-block-buttons d-none is-content-justification-center is-layout-flex wp-container-core-buttons-is-layout-03a3d5c9 wp-block-buttons-is-layout-flex\">\n<div class=\"wp-block-button\"><a class=\"wp-block-button__link has-custom-font-size wp-element-button\" style=\"border-radius:24px;padding-right:40px;padding-left:40px;font-size:clamp(18.959px, 1.185rem + ((1vw - 3.2px) * 0.863), 30px);font-style:normal;font-weight:500\">La Habitaci\u00f3n Roja<\/a><\/div>\n\n\n\n<div class=\"wp-block-button\"><a class=\"wp-block-button__link has-custom-font-size wp-element-button\" style=\"border-radius:24px;padding-right:40px;padding-left:40px;font-size:clamp(18.959px, 1.185rem + ((1vw - 3.2px) * 0.863), 30px);font-style:normal;font-weight:500\">Kiko Veneno<\/a><\/div>\n\n\n\n<div class=\"wp-block-button\"><a class=\"wp-block-button__link has-custom-font-size wp-element-button\" style=\"border-radius:24px;padding-right:40px;padding-left:40px;font-size:clamp(18.959px, 1.185rem + ((1vw - 3.2px) * 0.863), 30px);font-style:normal;font-weight:500\">Los Invaders<\/a><\/div>\n\n\n\n<div class=\"wp-block-button\"><a class=\"wp-block-button__link has-custom-font-size wp-element-button\" style=\"border-radius:24px;padding-right:40px;padding-left:40px;font-size:clamp(18.959px, 1.185rem + ((1vw - 3.2px) * 0.863), 30px);font-style:normal;font-weight:500\">INNMIR<\/a><\/div>\n\n\n\n<div class=\"wp-block-button\"><a class=\"wp-block-button__link has-custom-font-size wp-element-button\" style=\"border-radius:24px;padding-right:40px;padding-left:40px;font-size:clamp(18.959px, 1.185rem + ((1vw - 3.2px) * 0.863), 30px);font-style:normal;font-weight:500\">La Milagrosa<\/a><\/div>\n\n\n\n<div class=\"wp-block-button\"><a class=\"wp-block-button__link has-custom-font-size wp-element-button\" style=\"border-radius:24px;padding-right:40px;padding-left:40px;font-size:clamp(18.959px, 1.185rem + ((1vw - 3.2px) * 0.863), 30px);font-style:normal;font-weight:500\">Palo Domado<\/a><\/div>\n\n\n\n<div class=\"wp-block-button\"><a class=\"wp-block-button__link has-custom-font-size wp-element-button\" style=\"border-radius:24px;padding-right:40px;padding-left:40px;font-size:clamp(18.959px, 1.185rem + ((1vw - 3.2px) * 0.863), 30px);font-style:normal;font-weight:500\">Maadraasso<\/a><\/div>\n\n\n\n<div class=\"wp-block-button d-none\"><a class=\"wp-block-button__link has-palette-color-7-color has-palette-color-2-background-color has-text-color has-background has-custom-font-size wp-element-button\" href=\"https:\/\/eccleptic.es\/programa\/musica\/\" style=\"border-radius:24px;padding-right:40px;padding-left:40px;font-size:clamp(18.959px, 1.185rem + ((1vw - 3.2px) * 0.863), 30px);font-style:normal;font-weight:500\">&amp; m\u00e1s<\/a><\/div>\n<\/div>\n\n\n\n<div style=\"height:40px\" aria-hidden=\"true\" class=\"wp-block-spacer\"><\/div>\n\n\n\n<div class=\"wp-block-group is-layout-constrained wp-block-group-is-layout-constrained\">\n<h5 class=\"wp-block-heading has-text-align-center has-palette-color-3-color has-text-color has-link-color wp-elements-0c3524760047483b830e36e698e84f47\">\u00daltimas noticias<\/h5>\n\n\n\n<div data-id=\"3b9fb2f1\" class=\"wp-block-blocksy-query\"><div class=\"ct-query-template-grid\"><article class=\"wp-block-post is-layout-flow post-1985 post type-post status-publish format-standard has-post-thumbnail hentry category-general\">\n\n<div class=\"wp-block-group is-vertical is-content-justification-center is-layout-flex wp-container-core-group-is-layout-64bf8296 wp-block-group-is-layout-flex\" style=\"border-radius:32px\"><a style=\"width: 100%; margin-bottom:0;\" class=\"ct-dynamic-media wp-elements-dd72712b796bc02ad9f0485e85dfbc55\" aria-label=\"Horarios oficiales de eccleptic 2026\" href=\"https:\/\/eccleptic.es\/ca\/general\/horarios-oficiales-de-eccleptic-2026\/\"><span data-hover=\"zoom-in\" class=\"ct-dynamic-media-inner\" style=\"border-radius:32px;\"><img decoding=\"async\" width=\"2542\" height=\"1538\" src=\"https:\/\/i0.wp.com\/eccleptic.es\/wordpress\/wp-content\/uploads\/2026\/04\/eccleptic-lineup-2026.jpg?fit=2542%2C1538&amp;ssl=1\" class=\"attachment-full size-full\" alt=\"\" style=\"width:100%;height:100%;object-fit: cover;aspect-ratio: 16\/9;\" \/><\/span><\/a>\n\n\n<div class=\"wp-block-group is-content-justification-center is-layout-constrained wp-container-core-group-is-layout-c2a97208 wp-block-group-is-layout-constrained\" style=\"border-radius:0px;min-height:100%;margin-top:var(--wp--preset--spacing--30);margin-bottom:var(--wp--preset--spacing--30);padding-top:var(--wp--preset--spacing--30);padding-right:var(--wp--preset--spacing--30);padding-bottom:var(--wp--preset--spacing--30);padding-left:var(--wp--preset--spacing--30)\"><h2 style=\"font-size:clamp(15.747px, 0.984rem + ((1vw - 3.2px) * 0.645), 24px);line-height:1.2;\" class=\"ct-dynamic-data has-text-align-center wp-elements-3c4ca8d57828fdbc41ed8276063fe6ec\"><a href=\"https:\/\/eccleptic.es\/ca\/general\/horarios-oficiales-de-eccleptic-2026\/\">Horarios oficiales de eccleptic 2026<\/a><\/h2>\n\n<div style=\"font-style:normal;font-weight:500;text-transform:uppercase;\" class=\"ct-dynamic-data has-text-align-center wp-elements-85b926f0a24c2562964d5995400d5cd1 wp-elements-b627d29f045a6cb02615704fa550c486 has-text-color has-palette-color-2-color has-small-font-size\">25 abril 2026<\/div><\/div>\n<\/div>\n\n<\/article><article class=\"wp-block-post is-layout-flow post-1963 post type-post status-publish format-standard has-post-thumbnail hentry category-eventos category-musica category-vinaros\">\n\n<div class=\"wp-block-group is-vertical is-content-justification-center is-layout-flex wp-container-core-group-is-layout-64bf8296 wp-block-group-is-layout-flex\" style=\"border-radius:32px\"><a style=\"width: 100%; margin-bottom:0;\" class=\"ct-dynamic-media wp-elements-dd72712b796bc02ad9f0485e85dfbc55\" aria-label=\"Fiesta de presentaci\u00f3n de eccleptic\" href=\"https:\/\/eccleptic.es\/ca\/musica\/fiesta-de-presentacion-de-eccleptic\/\"><span data-hover=\"zoom-in\" class=\"ct-dynamic-media-inner\" style=\"border-radius:32px;\"><img decoding=\"async\" width=\"2560\" height=\"1549\" src=\"https:\/\/i0.wp.com\/eccleptic.es\/wordpress\/wp-content\/uploads\/2026\/04\/eccleptic-presentacion-2026-scaled.jpg?fit=2560%2C1549&amp;ssl=1\" class=\"attachment-full size-full\" alt=\"\" style=\"width:100%;height:100%;object-fit: cover;aspect-ratio: 16\/9;\" \/><\/span><\/a>\n\n\n<div class=\"wp-block-group is-content-justification-center is-layout-constrained wp-container-core-group-is-layout-c2a97208 wp-block-group-is-layout-constrained\" style=\"border-radius:0px;min-height:100%;margin-top:var(--wp--preset--spacing--30);margin-bottom:var(--wp--preset--spacing--30);padding-top:var(--wp--preset--spacing--30);padding-right:var(--wp--preset--spacing--30);padding-bottom:var(--wp--preset--spacing--30);padding-left:var(--wp--preset--spacing--30)\"><h2 style=\"font-size:clamp(15.747px, 0.984rem + ((1vw - 3.2px) * 0.645), 24px);line-height:1.2;\" class=\"ct-dynamic-data has-text-align-center wp-elements-3c4ca8d57828fdbc41ed8276063fe6ec\"><a href=\"https:\/\/eccleptic.es\/ca\/musica\/fiesta-de-presentacion-de-eccleptic\/\">Fiesta de presentaci\u00f3n de eccleptic<\/a><\/h2>\n\n<div style=\"font-style:normal;font-weight:500;text-transform:uppercase;\" class=\"ct-dynamic-data has-text-align-center wp-elements-85b926f0a24c2562964d5995400d5cd1 wp-elements-b627d29f045a6cb02615704fa550c486 has-text-color has-palette-color-2-color has-small-font-size\">6 abril 2026<\/div><\/div>\n<\/div>\n\n<\/article><article class=\"wp-block-post is-layout-flow post-1867 post type-post status-publish format-standard has-post-thumbnail hentry category-artes-plasticas category-cultura category-talleres\">\n\n<div class=\"wp-block-group is-vertical is-content-justification-center is-layout-flex wp-container-core-group-is-layout-64bf8296 wp-block-group-is-layout-flex\" style=\"border-radius:32px\"><a style=\"width: 100%; margin-bottom:0;\" class=\"ct-dynamic-media wp-elements-dd72712b796bc02ad9f0485e85dfbc55\" aria-label=\"Taller de Graffiti en Vinar\u00f2s: eccleptic 2026 busca 6 j\u00f3venes artistas urbanos\" href=\"https:\/\/eccleptic.es\/ca\/artes-plasticas\/taller-graffiti-eccleptic-vinaros-2026\/\"><span data-hover=\"zoom-in\" class=\"ct-dynamic-media-inner\" style=\"border-radius:32px;\"><img decoding=\"async\" width=\"2542\" height=\"1538\" src=\"https:\/\/i0.wp.com\/eccleptic.es\/wordpress\/wp-content\/uploads\/2026\/02\/eccleptic-taller_graffiti-2026.jpg?fit=2542%2C1538&amp;ssl=1\" class=\"attachment-full size-full\" alt=\"\" style=\"width:100%;height:100%;object-fit: cover;aspect-ratio: 16\/9;\" \/><\/span><\/a>\n\n\n<div class=\"wp-block-group is-content-justification-center is-layout-constrained wp-container-core-group-is-layout-c2a97208 wp-block-group-is-layout-constrained\" style=\"border-radius:0px;min-height:100%;margin-top:var(--wp--preset--spacing--30);margin-bottom:var(--wp--preset--spacing--30);padding-top:var(--wp--preset--spacing--30);padding-right:var(--wp--preset--spacing--30);padding-bottom:var(--wp--preset--spacing--30);padding-left:var(--wp--preset--spacing--30)\"><h2 style=\"font-size:clamp(15.747px, 0.984rem + ((1vw - 3.2px) * 0.645), 24px);line-height:1.2;\" class=\"ct-dynamic-data has-text-align-center wp-elements-3c4ca8d57828fdbc41ed8276063fe6ec\"><a href=\"https:\/\/eccleptic.es\/ca\/artes-plasticas\/taller-graffiti-eccleptic-vinaros-2026\/\">Taller de Graffiti en Vinar\u00f2s: eccleptic 2026 busca 6 j\u00f3venes artistas urbanos<\/a><\/h2>\n\n<div style=\"font-style:normal;font-weight:500;text-transform:uppercase;\" class=\"ct-dynamic-data has-text-align-center wp-elements-85b926f0a24c2562964d5995400d5cd1 wp-elements-b627d29f045a6cb02615704fa550c486 has-text-color has-palette-color-2-color has-small-font-size\">28 febrer 2026<\/div><\/div>\n<\/div>\n\n<\/article><\/div><style>[data-id='3b9fb2f1'] {align-items:flex-start;--grid-columns-width:3;}@media (max-width: 689.98px) {[data-id='3b9fb2f1'] {--grid-columns-width:1;}}<\/style><\/div>\n<\/div>\n\n\n\n<p class=\"has-text-align-center has-palette-color-3-color has-text-color has-link-color has-medium-font-size wp-elements-2ef0ec3da152bee3fde27a41c7ca5cd9\" style=\"margin-top:0px;margin-right:0px;margin-bottom:0px;margin-left:0px;padding-top:0px;padding-right:0px;padding-bottom:0px;padding-left:0px\"><strong>eccleptic<\/strong> es un <strong>evento cultural independiente<\/strong> que conecta arte y p\u00fablico en Vinar\u00f2s (Castell\u00f3n).<\/p>\n\n\n\n<!-- Meta Pixel Code -->\n<script>\n!function(f,b,e,v,n,t,s)\n{if(f.fbq)return;n=f.fbq=function(){n.callMethod?\nn.callMethod.apply(n,arguments):n.queue.push(arguments)};\nif(!f._fbq)f._fbq=n;n.push=n;n.loaded=!0;n.version='2.0';\nn.queue=[];t=b.createElement(e);t.async=!0;\nt.src=v;s=b.getElementsByTagName(e)[0];\ns.parentNode.insertBefore(t,s)}(window, document,'script',\n'https:\/\/connect.facebook.net\/en_US\/fbevents.js');\nfbq('init', '773315175650669');\nfbq('track', 'PageView');\n<\/script>\n<noscript><img height=\"1\" width=\"1\" style=\"display:none\"\nsrc=\"https:\/\/www.facebook.com\/tr?id=773315175650669&#038;ev=PageView&#038;noscript=1\"\n\/><\/noscript>\n<!-- End Meta Pixel Code -->\n","protected":false},"excerpt":{"rendered":"<p>\u00daltimas noticias eccleptic es un evento cultural independiente que conecta arte y p\u00fablico en Vinar\u00f2s (Castell\u00f3n).<\/p>","protected":false},"author":1,"featured_media":0,"parent":0,"menu_order":8,"comment_status":"closed","ping_status":"closed","template":"","meta":{"_acf_changed":false,"_eb_attr":"","inline_featured_image":false,"advanced_seo_description":"","jetpack_seo_html_title":"","jetpack_seo_noindex":false,"footnotes":""},"class_list":["post-1582","page","type-page","status-publish","hentry"],"blocksy_meta":[],"acf":[],"jetpack_sharing_enabled":true,"_links":{"self":[{"href":"https:\/\/eccleptic.es\/ca\/wp-json\/wp\/v2\/pages\/1582","targetHints":{"allow":["GET"]}}],"collection":[{"href":"https:\/\/eccleptic.es\/ca\/wp-json\/wp\/v2\/pages"}],"about":[{"href":"https:\/\/eccleptic.es\/ca\/wp-json\/wp\/v2\/types\/page"}],"author":[{"embeddable":true,"href":"https:\/\/eccleptic.es\/ca\/wp-json\/wp\/v2\/users\/1"}],"replies":[{"embeddable":true,"href":"https:\/\/eccleptic.es\/ca\/wp-json\/wp\/v2\/comments?post=1582"}],"version-history":[{"count":44,"href":"https:\/\/eccleptic.es\/ca\/wp-json\/wp\/v2\/pages\/1582\/revisions"}],"predecessor-version":[{"id":1957,"href":"https:\/\/eccleptic.es\/ca\/wp-json\/wp\/v2\/pages\/1582\/revisions\/1957"}],"wp:attachment":[{"href":"https:\/\/eccleptic.es\/ca\/wp-json\/wp\/v2\/media?parent=1582"}],"curies":[{"name":"wp","href":"https:\/\/api.w.org\/{rel}","templated":true}]}}