{"id":68,"date":"2024-11-26T17:12:49","date_gmt":"2024-11-26T16:12:49","guid":{"rendered":"https:\/\/eccleptic.es\/wordpress\/?page_id=68"},"modified":"2026-05-12T02:34:13","modified_gmt":"2026-05-12T01:34:13","slug":"contacto","status":"publish","type":"page","link":"https:\/\/eccleptic.es\/ca\/contacto\/","title":{"rendered":"Contacto"},"content":{"rendered":"<div class=\"wp-block-group is-layout-constrained wp-container-core-group-is-layout-d10d9e46 wp-block-group-is-layout-constrained\">\n<div class=\"wp-block-stackable-heading stk-block-heading stk-block-heading--v2 stk-block stk-c59fc53\" id=\"formulario-de-contacto\" data-block-id=\"c59fc53\"><h1 class=\"stk-block-heading__text has-text-align-center\">Formulario de contacto<\/h1><\/div>\n\n\n\n<p>Pensamos que un evento cultural debe ser un espacio seguro, inclusivo y respetuoso para todas las personas. Si en alg\u00fan momento vives o presencias una situaci\u00f3n que no deber\u00eda tener cabida en eccleptic, este formulario est\u00e1 aqu\u00ed para ti. Puedes usarlo para denunciar comportamientos inapropiados, agresiones, discriminaci\u00f3n o cualquier incidente que necesite ser atendido.<\/p>\n\n\n\n<p>Tu comentario puede ser <strong>an\u00f3nimo o confidencial<\/strong>, lo que t\u00fa prefieras. Nos tomamos en serio cada reporte y haremos todo lo posible para actuar y garantizar un entorno mejor para todxs. \u00a1Gracias por ayudarnos a hacer de eccleptic un lugar donde todas las personas puedan disfrutar sin preocupaciones!<\/p>\n\n\n<div class=\"wp-block-jetpack-contact-form\"><a href=\"https:\/\/eccleptic.es\/ca\/contacto\/\" target=\"_blank\" rel=\"noopener noreferrer\">Envia un formulari.<\/a><\/div><\/div>","protected":false},"excerpt":{"rendered":"<p>Formulario de contacto Pensamos que un evento cultural debe ser un espacio seguro, inclusivo y respetuoso para todas las personas. Si en alg\u00fan momento vives o presencias una situaci\u00f3n que no deber\u00eda tener cabida en eccleptic, este formulario est\u00e1 aqu\u00ed para ti. Puedes usarlo para denunciar comportamientos inapropiados, agresiones, discriminaci\u00f3n o cualquier incidente que necesite [&hellip;]<\/p>\n","protected":false},"author":1,"featured_media":873,"parent":0,"menu_order":3,"comment_status":"closed","ping_status":"closed","template":"","meta":{"_acf_changed":false,"_eb_attr":"","inline_featured_image":false,"advanced_seo_description":"","jetpack_seo_html_title":"","jetpack_seo_noindex":false,"footnotes":""},"class_list":["post-68","page","type-page","status-publish","has-post-thumbnail","hentry"],"blocksy_meta":[],"acf":[],"jetpack_sharing_enabled":true,"_links":{"self":[{"href":"https:\/\/eccleptic.es\/ca\/wp-json\/wp\/v2\/pages\/68","targetHints":{"allow":["GET"]}}],"collection":[{"href":"https:\/\/eccleptic.es\/ca\/wp-json\/wp\/v2\/pages"}],"about":[{"href":"https:\/\/eccleptic.es\/ca\/wp-json\/wp\/v2\/types\/page"}],"author":[{"embeddable":true,"href":"https:\/\/eccleptic.es\/ca\/wp-json\/wp\/v2\/users\/1"}],"replies":[{"embeddable":true,"href":"https:\/\/eccleptic.es\/ca\/wp-json\/wp\/v2\/comments?post=68"}],"version-history":[{"count":24,"href":"https:\/\/eccleptic.es\/ca\/wp-json\/wp\/v2\/pages\/68\/revisions"}],"predecessor-version":[{"id":2026,"href":"https:\/\/eccleptic.es\/ca\/wp-json\/wp\/v2\/pages\/68\/revisions\/2026"}],"wp:featuredmedia":[{"embeddable":true,"href":"https:\/\/eccleptic.es\/ca\/wp-json\/wp\/v2\/media\/873"}],"wp:attachment":[{"href":"https:\/\/eccleptic.es\/ca\/wp-json\/wp\/v2\/media?parent=68"}],"curies":[{"name":"wp","href":"https:\/\/api.w.org\/{rel}","templated":true}]}}