{"id":684,"date":"2024-12-01T02:51:47","date_gmt":"2024-12-01T01:51:47","guid":{"rendered":"https:\/\/eccleptic.es\/?page_id=684"},"modified":"2025-01-30T18:51:21","modified_gmt":"2025-01-30T17:51:21","slug":"denuncias","status":"publish","type":"page","link":"https:\/\/eccleptic.es\/ca\/denuncias\/","title":{"rendered":"Denuncies"},"content":{"rendered":"<div class=\"wp-block-group is-layout-constrained wp-container-core-group-is-layout-d10d9e46 wp-block-group-is-layout-constrained\">\n<div class=\"wp-block-stackable-heading stk-block-heading stk-block-heading--v2 stk-block stk-c59fc53\" id=\"denuncias\" data-block-id=\"c59fc53\"><h1 class=\"stk-block-heading__text has-text-align-center\">Denuncies<\/h1><\/div>\n\n\n\n<p>Queremos asegurar un <strong>espacio seguro y respetuoso<\/strong> para todas las personas. Si has sido testigo o v\u00edctima de comportamientos inapropiados, discriminatorios o contrarios a los valores de tolerancia y respeto, ponemos a tu disposici\u00f3n un <strong>canal confidencial<\/strong> para presentar denuncias.<\/p>\n\n\n\n<p>Nuestro equipo se compromete a investigar cada caso con la m\u00e1xima discreci\u00f3n y a tomar las medidas necesarias para <strong>garantizar el bienestar de nuestra comunidad<\/strong>. Las denuncias pueden realizarse de manera an\u00f3nima si lo prefieres, y recibir\u00e1s orientaci\u00f3n durante todo el proceso.<\/p>\n\n\n\n<p>Para denunciar cualquier situaci\u00f3n, accede al formulario disponible en nuestra <a href=\"https:\/\/eccleptic.es\/ca\/contacto\/\">p\u00e1gina de contacto<\/a> y contacta directamente con nuestro <strong>equipo de atenci\u00f3n<\/strong>. <\/p>\n\n\n\n<p>Juntos podemos construir un entorno m\u00e1s seguro y justo.<\/p>\n\n\n\n<div class=\"wp-block-stackable-button-group stk-block-button-group stk-block stk-ea443c6\" data-block-id=\"ea443c6\"><style>.stk-ea443c6 .stk-button-group{flex-direction:row !important;}@media screen and (max-width:999px){.stk-ea443c6 .stk-button-group{flex-direction:row !important;}}@media screen and (max-width:689px){.stk-ea443c6 .stk-button-group{flex-direction:row !important;}}<\/style><div class=\"stk-row stk-inner-blocks has-text-align-center stk-block-content stk-button-group\">\n<div class=\"wp-block-stackable-button stk-block-button stk-block stk-d9fdbac\" data-block-id=\"d9fdbac\"><style>.stk-d9fdbac {align-items:center !important;display:flex !important;}.stk-d9fdbac .stk-button{padding-top:16px !important;padding-right:32px !important;padding-bottom:16px !important;padding-left:32px !important;background:var(--theme-palette-color-2, #fce058) !important;}.stk-d9fdbac .stk-button__inner-text{color:var(--theme-palette-color-7, #094B6F) !important;font-weight:600 !important;}<\/style><a class=\"stk-link stk-button stk--hover-effect-lift\" href=\"https:\/\/eccleptic.es\/ca\/contacto\/\"><span class=\"has-text-color stk-button__inner-text\">Formulario de contacto<\/span><\/a><\/div>\n<\/div><\/div>\n<\/div>","protected":false},"excerpt":{"rendered":"<p>Denuncias Queremos asegurar un espacio seguro y respetuoso para todas las personas. Si has sido testigo o v\u00edctima de comportamientos inapropiados, discriminatorios o contrarios a los valores de tolerancia y respeto, ponemos a tu disposici\u00f3n un canal confidencial para presentar denuncias. Nuestro equipo se compromete a investigar cada caso con la m\u00e1xima discreci\u00f3n y a [&hellip;]<\/p>\n","protected":false},"author":1,"featured_media":0,"parent":0,"menu_order":5,"comment_status":"closed","ping_status":"closed","template":"","meta":{"_acf_changed":false,"_eb_attr":"","inline_featured_image":false,"advanced_seo_description":"","jetpack_seo_html_title":"","jetpack_seo_noindex":false,"footnotes":""},"class_list":["post-684","page","type-page","status-publish","hentry"],"blocksy_meta":[],"acf":[],"jetpack_sharing_enabled":true,"_links":{"self":[{"href":"https:\/\/eccleptic.es\/ca\/wp-json\/wp\/v2\/pages\/684","targetHints":{"allow":["GET"]}}],"collection":[{"href":"https:\/\/eccleptic.es\/ca\/wp-json\/wp\/v2\/pages"}],"about":[{"href":"https:\/\/eccleptic.es\/ca\/wp-json\/wp\/v2\/types\/page"}],"author":[{"embeddable":true,"href":"https:\/\/eccleptic.es\/ca\/wp-json\/wp\/v2\/users\/1"}],"replies":[{"embeddable":true,"href":"https:\/\/eccleptic.es\/ca\/wp-json\/wp\/v2\/comments?post=684"}],"version-history":[{"count":6,"href":"https:\/\/eccleptic.es\/ca\/wp-json\/wp\/v2\/pages\/684\/revisions"}],"predecessor-version":[{"id":870,"href":"https:\/\/eccleptic.es\/ca\/wp-json\/wp\/v2\/pages\/684\/revisions\/870"}],"wp:attachment":[{"href":"https:\/\/eccleptic.es\/ca\/wp-json\/wp\/v2\/media?parent=684"}],"curies":[{"name":"wp","href":"https:\/\/api.w.org\/{rel}","templated":true}]}}