{"id":722,"date":"2024-12-01T09:08:57","date_gmt":"2024-12-01T08:08:57","guid":{"rendered":"https:\/\/eccleptic.es\/?page_id=722"},"modified":"2026-02-11T20:08:53","modified_gmt":"2026-02-11T19:08:53","slug":"faq","status":"publish","type":"page","link":"https:\/\/eccleptic.es\/ca\/faq\/","title":{"rendered":"FAQ"},"content":{"rendered":"<article class=\"wp-block-group is-layout-constrained wp-container-core-group-is-layout-e4eaaeb1 wp-block-group-is-layout-constrained\">\n<div class=\"wp-block-stackable-heading stk-block-heading stk-block-heading--v2 stk-block stk-793efef\" id=\"preguntas-frecuentes-eccleptic-2026\" data-block-id=\"793efef\"><style>.stk-793efef {margin-bottom:40px !important;}.stk-793efef .stk-block-heading__text{font-size:48px !important;line-height:1.2em !important;}@media screen and (max-width:999px){.stk-793efef .stk-block-heading__text{font-size:40px !important;}}@media screen and (max-width:689px){.stk-793efef .stk-block-heading__text{font-size:28px !important;}}<\/style><h1 class=\"stk-block-heading__text\">Preguntas Frecuentes (eccleptic 2026)<\/h1><\/div>\n\n\n\n<div class=\"wp-block-group is-layout-constrained wp-block-group-is-layout-constrained\">\n<p class=\"has-palette-color-2-color has-text-color has-link-color wp-elements-45bd5ff17b676c4f80f9457c17462d94\" style=\"margin-top:8px;margin-bottom:8px\"><strong>\u00bfQu\u00e9 organiza la Asociaci\u00f3n Cultural eccleptic?<\/strong><\/p>\n\n\n\n<p>Un evento cultural con 12 conciertos y 14 DJs, adem\u00e1s de talleres, exposiciones y otras manifestaciones art\u00edsticas, que se celebrar\u00e1 del 15 al 17 de mayo en Vinar\u00f2s.<\/p>\n<\/div>\n\n\n\n<div class=\"wp-block-group is-layout-constrained wp-block-group-is-layout-constrained\">\n<p class=\"has-palette-color-2-color has-text-color has-link-color wp-elements-cf0cc570edec86aafcef820f70aa3b32\" style=\"margin-top:8px;margin-bottom:8px\"><strong>\u00bfHay que pagar para poder entrar en el recinto de la Plaza de Toros?<\/strong><\/p>\n\n\n\n<p>S\u00ed, excepto el s\u00e1bado por la ma\u00f1ana que ser\u00e1 gratuito. Podr\u00e1s comprar en la web el abono, que cuesta 25,99 \u20ac, o las entradas de d\u00eda (viernes 21,99 \u20ac y s\u00e1bado 23,99 \u20ac, gastos de gesti\u00f3n no incluidos). En taquilla habr\u00e1 entradas a la venta aunque los precios ser\u00e1n m\u00e1s elevados.<br>El domingo podr\u00e1s disfrutar del vermut de despedida justo al lado de la plaza de toros, en el pub La Lola.<\/p>\n<\/div>\n\n\n\n<div class=\"wp-block-group is-layout-constrained wp-block-group-is-layout-constrained\">\n<p class=\"has-palette-color-2-color has-text-color has-link-color wp-elements-f52dea22e23ad96b14f4d4df6cdf144f\" style=\"margin-top:8px;margin-bottom:8px\"><strong>\u00bfSi compro el abono a qu\u00e9 tengo derecho?<\/strong><\/p>\n\n\n\n<p>A entrar en la Plaza de Toros el viernes y el s\u00e1bado.<\/p>\n<\/div>\n\n\n\n<div class=\"wp-block-group is-layout-constrained wp-block-group-is-layout-constrained\">\n<p class=\"has-palette-color-2-color has-text-color has-link-color wp-elements-90cdb3f3a1df763d249994837896d0ae\" style=\"margin-top:8px;margin-bottom:8px\"><strong>Entonces, \u00bfpuedo comprar solo la entrada de un d\u00eda?<\/strong><\/p>\n\n\n\n<p>S\u00ed, hay entradas de viernes o de s\u00e1bado. Tambi\u00e9n habr\u00e1 entradas en taquillas el mismo d\u00eda.<\/p>\n<\/div>\n\n\n\n<div class=\"wp-block-group is-layout-constrained wp-block-group-is-layout-constrained\">\n<p class=\"has-palette-color-2-color has-text-color has-link-color wp-elements-a04078c151fb4753b91018953767b163\" style=\"margin-top:8px;margin-bottom:8px\"><strong>\u00bfD\u00f3nde puedo comprar las entradas?<\/strong><\/p>\n\n\n\n<p>Entrando en nuestra web eccleptic.es, directamente en la plataforma Enterticket o en taquillas de la Plaza de toros en horario del evento (a precio m\u00e1s elevado).<\/p>\n<\/div>\n\n\n\n<div class=\"wp-block-group is-layout-constrained wp-block-group-is-layout-constrained\">\n<p class=\"has-palette-color-2-color has-text-color has-link-color wp-elements-d8229ee675abb5d2bcaf1babe69f32bf\" style=\"margin-top:8px;margin-bottom:8px\"><strong>\u00bfQu\u00e9 tengo que hacer con el c\u00f3digo QR que me ha llegado a mi correo tras comprar la entrada en eccleptic.es?<\/strong><\/p>\n\n\n\n<p>Canjearlo por una pulsera en la Fiesta de Presentaci\u00f3n de eccleptic (el 9 de mayo) o en las taquillas de la misma Plaza de Toros, desde el viernes 15 de mayo a las 18:00 horas.<\/p>\n<\/div>\n\n\n\n<div class=\"wp-block-group is-layout-constrained wp-block-group-is-layout-constrained\">\n<p class=\"has-palette-color-2-color has-text-color has-link-color wp-elements-e8d085ea9f88c6d8144496664718ecce\" style=\"margin-top:8px;margin-bottom:8px\"><strong>Tengo menos de 16 a\u00f1os, \u00bfpuedo entrar en el recinto?<\/strong><\/p>\n\n\n\n<p>S\u00ed, acompa\u00f1ado siempre por los padres o por un tutor legal, y comprando la entrada de 8 \u20ac.<\/p>\n<\/div>\n\n\n\n<div class=\"wp-block-group is-layout-constrained wp-block-group-is-layout-constrained\">\n<p class=\"has-palette-color-2-color has-text-color has-link-color wp-elements-9868231a28d099c23282cb1d1d6f6254\" style=\"margin-top:8px;margin-bottom:8px\"><strong>\u00bfPuedo entrar y salir de la Plaza de Toros cuando quiera?<\/strong><\/p>\n\n\n\n<p>S\u00ed, no hay l\u00edmite en este aspecto.<\/p>\n<\/div>\n\n\n\n<div class=\"wp-block-group is-layout-constrained wp-block-group-is-layout-constrained\">\n<p class=\"has-palette-color-2-color has-text-color has-link-color wp-elements-37124e44755c51898124cd8d829edc72\" style=\"margin-top:8px;margin-bottom:8px\"><strong>\u00bfQu\u00e9 horarios tiene eccleptic 2026?<\/strong><\/p>\n\n\n\n<p class=\"d-none\">Toda la programaci\u00f3n con los horarios est\u00e1 <a href=\"https:\/\/eccleptic.es\/ca\/horarios\/\">eccleptic.es\/horarios<\/a>.<br>El viernes el recinto estar\u00e1 abierto desde las 19:00 hasta las 04:30 horas aproximadamente. El s\u00e1bado: por la ma\u00f1ana desde las 12:00 hasta las 14:30 horas (gratuito para todos los p\u00fablicos); por la tarde, desde las 18:00 hasta las 04:30 horas.<br>El domingo desde las 11:00 hasta las 14:00 horas en La Lola.<\/p>\n<\/div>\n\n\n\n<div class=\"wp-block-group is-layout-constrained wp-block-group-is-layout-constrained\">\n<p class=\"has-palette-color-2-color has-text-color has-link-color wp-elements-564b34824c76a274cc137138dd07b666\" style=\"margin-top:8px;margin-bottom:8px\"><strong>En el recinto de la Plaza de Toros, \u00bfhabr\u00e1 restauraci\u00f3n?<\/strong><\/p>\n\n\n\n<p>S\u00ed, habr\u00e1 foodtrucks con comida de diferentes tipos.<\/p>\n<\/div>\n\n\n\n<div class=\"wp-block-group is-layout-constrained wp-block-group-is-layout-constrained\">\n<p class=\"has-palette-color-2-color has-text-color has-link-color wp-elements-f33c6acf2992be020db6f13a44f87df4\" style=\"margin-top:8px;margin-bottom:8px\"><strong>\u00bfC\u00f3mo pagar\u00e9 mis consumiciones y la restauraci\u00f3n?<\/strong><\/p>\n\n\n\n<p>Con un sistema <em>cashless<\/em>, integrado en un chip de tu pulsera, que deber\u00e1s recargar en los puntos de recarga situados dentro del recinto, o con tu m\u00f3vil a trav\u00e9s del QR de tu pulsera. El dinero se ir\u00e1 restando autom\u00e1ticamente tras cada consumici\u00f3n o producto de comida. Si se te acaba el saldo de tu pulsera podr\u00e1s recargarla cuantas veces necesites.<\/p>\n<\/div>\n\n\n\n<div class=\"wp-block-group is-layout-constrained wp-block-group-is-layout-constrained\">\n<p class=\"has-palette-color-2-color has-text-color has-link-color wp-elements-760e897031f111ec59a80f1f7feed425\" style=\"margin-top:8px;margin-bottom:8px\"><strong>\u00bfD\u00f3nde puedo recargar la pulsera?<\/strong><\/p>\n\n\n\n<p>La puedes recargar en taquillas, en los puntos de recarga situados dentro del recinto o t\u00fa mismo con tu m\u00f3vil, a trav\u00e9s del QR de tu pulsera. Lo puedes hacer con dinero en efectivo o con tarjeta bancaria.<\/p>\n<\/div>\n\n\n\n<div class=\"wp-block-group is-layout-constrained wp-block-group-is-layout-constrained\">\n<p class=\"has-palette-color-2-color has-text-color has-link-color wp-elements-e3e3ce75e5914922b46fb6dd3b41821a\" style=\"margin-top:8px;margin-bottom:8px\"><strong>\u00bfY si me sobra dinero en la pulsera al acabar eccleptic?<\/strong><\/p>\n\n\n\n<p>Lo podr\u00e1s reembolsar a tu cuenta desde el lunes 18 de mayo. Entrar\u00e1s en un enlace que estar\u00e1 en nuestra web eccleptic.es y podr\u00e1s hacerlo.<\/p>\n<\/div>\n\n\n\n<div class=\"wp-block-group is-layout-constrained wp-block-group-is-layout-constrained\">\n<p class=\"has-palette-color-2-color has-text-color has-link-color wp-elements-a3ae55d5a03bb243174587f07ef0e9f3\" style=\"margin-top:8px;margin-bottom:8px\"><strong>\u00bfCu\u00e1ntos escenarios hay dentro del recinto?<\/strong><\/p>\n\n\n\n<p>Dos escenarios con programaciones diferentes.<\/p>\n<\/div>\n\n\n\n<div class=\"wp-block-group is-layout-constrained wp-block-group-is-layout-constrained\">\n<p class=\"has-palette-color-2-color has-text-color has-link-color wp-elements-a039aac6176f3e41eba1fb21c260e149\" style=\"margin-top:8px;margin-bottom:8px\"><strong>\u00bfDentro del recinto solo habr\u00e1 m\u00fasica?<\/strong><\/p>\n\n\n\n<p>No, tambi\u00e9n habr\u00e1 talleres y otras actividades l\u00fadico-culturales. Adem\u00e1s de venta de vinilos, de merchandising de los grupos y de l\u00e1minas de Sr Berm\u00fadez.<\/p>\n<\/div>\n\n\n\n<div class=\"wp-block-group is-layout-constrained wp-block-group-is-layout-constrained\">\n<p class=\"has-palette-color-2-color has-text-color has-link-color wp-elements-d97a9fd362c1656fc6bfa65b88015fd1\" style=\"margin-top:8px;margin-bottom:8px\"><strong>\u00bfQu\u00e9 pasa si pierdo la pulsera?<\/strong><\/p>\n\n\n\n<p>La organizaci\u00f3n no se hace responsable de la p\u00e9rdida de pulseras.<\/p>\n<\/div>\n<\/article>","protected":false},"excerpt":{"rendered":"<p>Preguntas Frecuentes (eccleptic 2026) \u00bfQu\u00e9 organiza la Asociaci\u00f3n Cultural eccleptic? Un evento cultural con 12 conciertos y 14 DJs, adem\u00e1s de talleres, exposiciones y otras manifestaciones art\u00edsticas, que se celebrar\u00e1 del 15 al 17 de mayo en Vinar\u00f2s. \u00bfHay que pagar para poder entrar en el recinto de la Plaza de Toros? S\u00ed, excepto el [&hellip;]<\/p>\n","protected":false},"author":1,"featured_media":0,"parent":0,"menu_order":7,"comment_status":"closed","ping_status":"closed","template":"","meta":{"_acf_changed":false,"_eb_attr":"","inline_featured_image":false,"advanced_seo_description":"","jetpack_seo_html_title":"","jetpack_seo_noindex":false,"footnotes":""},"class_list":["post-722","page","type-page","status-publish","hentry"],"blocksy_meta":[],"acf":[],"jetpack_sharing_enabled":true,"_links":{"self":[{"href":"https:\/\/eccleptic.es\/ca\/wp-json\/wp\/v2\/pages\/722","targetHints":{"allow":["GET"]}}],"collection":[{"href":"https:\/\/eccleptic.es\/ca\/wp-json\/wp\/v2\/pages"}],"about":[{"href":"https:\/\/eccleptic.es\/ca\/wp-json\/wp\/v2\/types\/page"}],"author":[{"embeddable":true,"href":"https:\/\/eccleptic.es\/ca\/wp-json\/wp\/v2\/users\/1"}],"replies":[{"embeddable":true,"href":"https:\/\/eccleptic.es\/ca\/wp-json\/wp\/v2\/comments?post=722"}],"version-history":[{"count":14,"href":"https:\/\/eccleptic.es\/ca\/wp-json\/wp\/v2\/pages\/722\/revisions"}],"predecessor-version":[{"id":1826,"href":"https:\/\/eccleptic.es\/ca\/wp-json\/wp\/v2\/pages\/722\/revisions\/1826"}],"wp:attachment":[{"href":"https:\/\/eccleptic.es\/ca\/wp-json\/wp\/v2\/media?parent=722"}],"curies":[{"name":"wp","href":"https:\/\/api.w.org\/{rel}","templated":true}]}}